{"id":29007,"date":"2024-05-23T15:44:37","date_gmt":"2024-05-23T13:44:37","guid":{"rendered":"http:\/\/www.georgiansummitexpedition.com\/?page_id=29007"},"modified":"2024-05-28T15:29:50","modified_gmt":"2024-05-28T13:29:50","slug":"alpinisme","status":"publish","type":"page","link":"https:\/\/georgiansummitexpedition.com\/en\/alpinisme\/","title":{"rendered":"Mountaineering"},"content":{"rendered":"<p>[et_pb_section fb_built=\u00a0\u00bb1&Prime; fullwidth=\u00a0\u00bbon\u00a0\u00bb _builder_version=\u00a0\u00bb4.25.1&Prime; _module_preset=\u00a0\u00bbdefault\u00a0\u00bb background_image=\u00a0\u00bbhttp:\/\/www.georgiansummitexpedition.com\/wp-content\/uploads\/2024\/05\/IMG_8511-1.jpg\u00a0\u00bb width=\u00a0\u00bb100%\u00a0\u00bb module_alignment=\u00a0\u00bbcenter\u00a0\u00bb global_colors_info=\u00a0\u00bb{}\u00a0\u00bb][et_pb_fullwidth_header title=\u00a0\u00bbAlpinisme\u00a0\u00bb text_orientation=\u00a0\u00bbcenter\u00a0\u00bb header_fullscreen=\u00a0\u00bbon\u00a0\u00bb button_one_text=\u00a0\u00bbD\u00e9couvrez\u00a0\u00bb button_one_url=\u00a0\u00bb#alpinismesuite\u00a0\u00bb _builder_version=\u00a0\u00bb4.25.1&Prime; _module_preset=\u00a0\u00bbdefault\u00a0\u00bb title_level=\u00a0\u00bbh2&Prime; title_text_align=\u00a0\u00bbcenter\u00a0\u00bb content_text_align=\u00a0\u00bbcenter\u00a0\u00bb background_color=\u00a0\u00bbrgba(0,0,0,0.71)\u00a0\u00bb parallax=\u00a0\u00bbon\u00a0\u00bb custom_button_one=\u00a0\u00bbon\u00a0\u00bb button_one_text_size=\u00a0\u00bb15px\u00a0\u00bb button_one_icon_placement=\u00a0\u00bbleft\u00a0\u00bb button_one_custom_margin=\u00a0\u00bb||3px|0px|false|false\u00a0\u00bb button_one_custom_padding=\u00a0\u00bb||4px||false|false\u00a0\u00bb module_alignment=\u00a0\u00bbcenter\u00a0\u00bb custom_margin=\u00a0\u00bb||0px||false|false\u00a0\u00bb custom_padding=\u00a0\u00bb||0px||false|false\u00a0\u00bb custom_padding_tablet=\u00a0\u00bb||0px||false|false\u00a0\u00bb custom_padding_phone=\u00a0\u00bb0px||0px||false|false\u00a0\u00bb custom_padding_last_edited=\u00a0\u00bbon|phone\u00a0\u00bb content_font_size_tablet=\u00a0\u00bb\u00a0\u00bb content_font_size_phone=\u00a0\u00bb13px\u00a0\u00bb content_font_size_last_edited=\u00a0\u00bbon|phone\u00a0\u00bb global_colors_info=\u00a0\u00bb{}\u00a0\u00bb]<\/p>\n<p class=\"font_7 wixui-rich-text__text\">Des\u00a0montagnes \u00e0 port\u00e9es de main. Des sommets \u00e0 plus de 5000\u00a0m\u00e8tres d&rsquo;altitude. Une exp\u00e9rience inoubliable\u00a0parmi les plus hauts points culminants de G\u00e9orgie.<\/p>\n<p class=\"font_7 wixui-rich-text__text\">Vous rentrerez de cette exp\u00e9dition g\u00e9orgienne marqu\u00e9 par l\u2019incroyable hospitalit\u00e9 de ses habitants.<\/p>\n<p>[\/et_pb_fullwidth_header][\/et_pb_section][et_pb_section fb_built=\u00a0\u00bb1&Prime; module_id=\u00a0\u00bbalpinismesuite\u00a0\u00bb _builder_version=\u00a0\u00bb4.25.1&Prime; _module_preset=\u00a0\u00bbdefault\u00a0\u00bb custom_padding=\u00a0\u00bb||19px|||\u00a0\u00bb global_colors_info=\u00a0\u00bb{}\u00a0\u00bb][et_pb_row _builder_version=\u00a0\u00bb4.25.1&Prime; _module_preset=\u00a0\u00bbdefault\u00a0\u00bb global_colors_info=\u00a0\u00bb{}\u00a0\u00bb][et_pb_column type=\u00a0\u00bb4_4&Prime; _builder_version=\u00a0\u00bb4.25.1&Prime; _module_preset=\u00a0\u00bbdefault\u00a0\u00bb global_colors_info=\u00a0\u00bb{}\u00a0\u00bb][et_pb_text _builder_version=\u00a0\u00bb4.25.1&Prime; _module_preset=\u00a0\u00bbdefault\u00a0\u00bb global_colors_info=\u00a0\u00bb{}\u00a0\u00bb]<\/p>\n<p class=\"font_7 wixui-rich-text__text\" style=\"text-align: justify;\">La G\u00e9orgie est une terre d\u2019accueil qui ne cessera de vous enchanter par ses coutumes et son incroyable hospitalit\u00e9. Elle vous fera vibrer au son des chants polyphoniques. Vous aimerez sa table de mets vari\u00e9s accompagn\u00e9s de ses vins de qualit\u00e9.<\/p>\n<p class=\"font_7 wixui-rich-text__text\">La G\u00e9orgie un pays authentique qui depuis quelques ann\u00e9es prend en mains son futur en se modernisant.<\/p>\n<p>[\/et_pb_text][\/et_pb_column][\/et_pb_row][\/et_pb_section][et_pb_section fb_built=\u00a0\u00bb1&Prime; _builder_version=\u00a0\u00bb4.25.1&Prime; _module_preset=\u00a0\u00bbdefault\u00a0\u00bb width=\u00a0\u00bb100%\u00a0\u00bb custom_margin_tablet=\u00a0\u00bb\u00a0\u00bb custom_margin_phone=\u00a0\u00bb-62px||||false|false\u00a0\u00bb custom_margin_last_edited=\u00a0\u00bbon|phone\u00a0\u00bb global_colors_info=\u00a0\u00bb{}\u00a0\u00bb][et_pb_row column_structure=\u00a0\u00bb1_2,1_2&Prime; _builder_version=\u00a0\u00bb4.25.1&Prime; _module_preset=\u00a0\u00bbdefault\u00a0\u00bb saved_tabs=\u00a0\u00bball\u00a0\u00bb global_colors_info=\u00a0\u00bb{}\u00a0\u00bb][et_pb_column type=\u00a0\u00bb1_2&Prime; _builder_version=\u00a0\u00bb4.25.1&Prime; _module_preset=\u00a0\u00bbdefault\u00a0\u00bb background_image=\u00a0\u00bbhttp:\/\/www.georgiansummitexpedition.com\/wp-content\/uploads\/2024\/05\/BEBBBCB1-5412-4B03-8B82-7CB7235C35E3-copie.jpeg\u00a0\u00bb box_shadow_style=\u00a0\u00bbpreset2&Prime; global_colors_info=\u00a0\u00bb{}\u00a0\u00bb][et_pb_text _builder_version=\u00a0\u00bb4.25.1&Prime; _module_preset=\u00a0\u00bbdefault\u00a0\u00bb header_3_font=\u00a0\u00bb|300|||||||\u00a0\u00bb header_3_text_color=\u00a0\u00bb#FFFFFF\u00a0\u00bb min_height=\u00a0\u00bb246px\u00a0\u00bb custom_margin=\u00a0\u00bb33px||19px|18px|false|false\u00a0\u00bb hover_enabled=\u00a0\u00bb0&Prime; global_colors_info=\u00a0\u00bb{}\u00a0\u00bb link_option_url=\u00a0\u00bbhttps:\/\/georgiansummitexpedition.com\/alpinisme-kazbegi\/\u00a0\u00bb sticky_enabled=\u00a0\u00bb0&Prime;]<\/p>\n<h1><span style=\"color: #ffffff;\">Kazbegi<\/span><\/h1>\n<p>[\/et_pb_text][et_pb_button button_url=\u00a0\u00bbhttps:\/\/georgiansummitexpedition.com\/alpinisme-kazbegi\/\u00a0\u00bb button_text=\u00a0\u00bbD\u00e9couvrez \u00a0\u00bb button_alignment=\u00a0\u00bbright\u00a0\u00bb _builder_version=\u00a0\u00bb4.25.1&Prime; _module_preset=\u00a0\u00bbdefault\u00a0\u00bb custom_button=\u00a0\u00bbon\u00a0\u00bb button_text_size=\u00a0\u00bb14px\u00a0\u00bb background_layout=\u00a0\u00bbdark\u00a0\u00bb custom_margin=\u00a0\u00bb|16px|28px||false|false\u00a0\u00bb hover_enabled=\u00a0\u00bb0&Prime; global_colors_info=\u00a0\u00bb{}\u00a0\u00bb sticky_enabled=\u00a0\u00bb0&Prime;][\/et_pb_button][\/et_pb_column][et_pb_column type=\u00a0\u00bb1_2&Prime; _builder_version=\u00a0\u00bb4.25.1&Prime; _module_preset=\u00a0\u00bbdefault\u00a0\u00bb background_image=\u00a0\u00bbhttp:\/\/www.georgiansummitexpedition.com\/wp-content\/uploads\/2024\/05\/IMG_8513-2.jpg\u00a0\u00bb box_shadow_style=\u00a0\u00bbpreset2&Prime; global_colors_info=\u00a0\u00bb{}\u00a0\u00bb][et_pb_text _builder_version=\u00a0\u00bb4.25.1&Prime; _module_preset=\u00a0\u00bbdefault\u00a0\u00bb header_3_font=\u00a0\u00bb|300|||||||\u00a0\u00bb header_3_text_color=\u00a0\u00bb#FFFFFF\u00a0\u00bb min_height=\u00a0\u00bb246px\u00a0\u00bb custom_margin=\u00a0\u00bb33px|||18px|false|false\u00a0\u00bb hover_enabled=\u00a0\u00bb0&Prime; global_colors_info=\u00a0\u00bb{}\u00a0\u00bb link_option_url=\u00a0\u00bbhttps:\/\/georgiansummitexpedition.com\/alpinisme-svanetie\/\u00a0\u00bb sticky_enabled=\u00a0\u00bb0&Prime;]<\/p>\n<h1><span style=\"color: #ffffff;\">Svan\u00e9tie<\/span><\/h1>\n<p>[\/et_pb_text][et_pb_button button_url=\u00a0\u00bbhttps:\/\/georgiansummitexpedition.com\/alpinisme-svanetie\/\u00a0\u00bb button_text=\u00a0\u00bbD\u00e9couvrez \u00a0\u00bb button_alignment=\u00a0\u00bbright\u00a0\u00bb _builder_version=\u00a0\u00bb4.25.1&Prime; _module_preset=\u00a0\u00bbdefault\u00a0\u00bb custom_button=\u00a0\u00bbon\u00a0\u00bb button_text_size=\u00a0\u00bb14px\u00a0\u00bb background_layout=\u00a0\u00bbdark\u00a0\u00bb custom_margin=\u00a0\u00bb|16px|28px||false|false\u00a0\u00bb hover_enabled=\u00a0\u00bb0&Prime; global_colors_info=\u00a0\u00bb{}\u00a0\u00bb sticky_enabled=\u00a0\u00bb0&Prime;][\/et_pb_button][\/et_pb_column][\/et_pb_row][\/et_pb_section]<\/p>\n","protected":false},"excerpt":{"rendered":"<p>Des\u00a0montagnes \u00e0 port\u00e9es de main. Des sommets \u00e0 plus de 5000\u00a0m\u00e8tres d&rsquo;altitude. Une exp\u00e9rience inoubliable\u00a0parmi les plus hauts points culminants de G\u00e9orgie. Vous rentrerez de cette exp\u00e9dition g\u00e9orgienne marqu\u00e9 par l\u2019incroyable hospitalit\u00e9 de ses habitants.La G\u00e9orgie est une terre d\u2019accueil qui ne cessera de vous enchanter par ses coutumes et son incroyable hospitalit\u00e9. Elle vous [&hellip;]<\/p>\n","protected":false},"author":1,"featured_media":0,"parent":0,"menu_order":0,"comment_status":"closed","ping_status":"closed","template":"","meta":{"_et_pb_use_builder":"on","_et_pb_old_content":"","_et_gb_content_width":"","footnotes":""},"class_list":["post-29007","page","type-page","status-publish","hentry"],"_links":{"self":[{"href":"https:\/\/georgiansummitexpedition.com\/en\/wp-json\/wp\/v2\/pages\/29007","targetHints":{"allow":["GET"]}}],"collection":[{"href":"https:\/\/georgiansummitexpedition.com\/en\/wp-json\/wp\/v2\/pages"}],"about":[{"href":"https:\/\/georgiansummitexpedition.com\/en\/wp-json\/wp\/v2\/types\/page"}],"author":[{"embeddable":true,"href":"https:\/\/georgiansummitexpedition.com\/en\/wp-json\/wp\/v2\/users\/1"}],"replies":[{"embeddable":true,"href":"https:\/\/georgiansummitexpedition.com\/en\/wp-json\/wp\/v2\/comments?post=29007"}],"version-history":[{"count":11,"href":"https:\/\/georgiansummitexpedition.com\/en\/wp-json\/wp\/v2\/pages\/29007\/revisions"}],"predecessor-version":[{"id":29606,"href":"https:\/\/georgiansummitexpedition.com\/en\/wp-json\/wp\/v2\/pages\/29007\/revisions\/29606"}],"wp:attachment":[{"href":"https:\/\/georgiansummitexpedition.com\/en\/wp-json\/wp\/v2\/media?parent=29007"}],"curies":[{"name":"wp","href":"https:\/\/api.w.org\/{rel}","templated":true}]}}