{"id":29130,"date":"2024-05-26T07:07:21","date_gmt":"2024-05-26T05:07:21","guid":{"rendered":"http:\/\/www.georgiansummitexpedition.com\/?page_id=29130"},"modified":"2024-05-28T12:03:58","modified_gmt":"2024-05-28T10:03:58","slug":"conditions-generales","status":"publish","type":"page","link":"https:\/\/georgiansummitexpedition.com\/en\/conditions-generales\/","title":{"rendered":"Terms and conditions"},"content":{"rendered":"<p>[et_pb_section fb_built=\u00a0\u00bb1&Prime; custom_padding_last_edited=\u00a0\u00bbon|phone\u00a0\u00bb _builder_version=\u00a0\u00bb4.25.1&Prime; _module_preset=\u00a0\u00bbdefault\u00a0\u00bb background_enable_image=\u00a0\u00bboff\u00a0\u00bb min_height=\u00a0\u00bb1007px\u00a0\u00bb height=\u00a0\u00bb1000px\u00a0\u00bb custom_margin=\u00a0\u00bb0px||110px||false|false\u00a0\u00bb custom_margin_tablet=\u00a0\u00bb0px||110px||false|false\u00a0\u00bb custom_margin_phone=\u00a0\u00bb||-789px||false|false\u00a0\u00bb custom_margin_last_edited=\u00a0\u00bbon|phone\u00a0\u00bb custom_padding=\u00a0\u00bb0px||||false|false\u00a0\u00bb custom_padding_tablet=\u00a0\u00bb0px||||false|false\u00a0\u00bb custom_padding_phone=\u00a0\u00bb0px||||false|false\u00a0\u00bb global_colors_info=\u00a0\u00bb{}\u00a0\u00bb][et_pb_row make_equal=\u00a0\u00bbon\u00a0\u00bb _builder_version=\u00a0\u00bb4.25.1&Prime; _module_preset=\u00a0\u00bbdefault\u00a0\u00bb background_color=\u00a0\u00bb#000000&Prime; width=\u00a0\u00bb100%\u00a0\u00bb max_width=\u00a0\u00bb1441px\u00a0\u00bb module_alignment=\u00a0\u00bbcenter\u00a0\u00bb min_height=\u00a0\u00bb157px\u00a0\u00bb height=\u00a0\u00bb975px\u00a0\u00bb custom_margin=\u00a0\u00bb|auto|-112px|auto||\u00a0\u00bb custom_padding=\u00a0\u00bb0px||0px|||\u00a0\u00bb global_colors_info=\u00a0\u00bb{}\u00a0\u00bb][et_pb_column type=\u00a0\u00bb4_4&Prime; _builder_version=\u00a0\u00bb4.25.1&Prime; _module_preset=\u00a0\u00bbdefault\u00a0\u00bb background_image=\u00a0\u00bbhttp:\/\/www.georgiansummitexpedition.com\/wp-content\/uploads\/2024\/05\/BEBBBCB1-5412-4B03-8B82-7CB7235C35E3-copie.jpeg\u00a0\u00bb global_colors_info=\u00a0\u00bb{}\u00a0\u00bb][et_pb_text _builder_version=\u00a0\u00bb4.25.1&Prime; text_font=\u00a0\u00bb||||||||\u00a0\u00bb ul_text_align=\u00a0\u00bbcenter\u00a0\u00bb header_font=\u00a0\u00bbPlayfair Display|700|||||||\u00a0\u00bb header_text_color=\u00a0\u00bb#ffffff\u00a0\u00bb header_font_size=\u00a0\u00bb60px\u00a0\u00bb header_line_height=\u00a0\u00bb1.5em\u00a0\u00bb header_2_font=\u00a0\u00bb||||||||\u00a0\u00bb header_3_font=\u00a0\u00bb||||||||\u00a0\u00bb header_4_font=\u00a0\u00bb||||||||\u00a0\u00bb header_5_font=\u00a0\u00bb||||||||\u00a0\u00bb header_6_font=\u00a0\u00bb||||||||\u00a0\u00bb background_color=\u00a0\u00bbrgba(0,0,0,0.13)\u00a0\u00bb min_height=\u00a0\u00bb53px\u00a0\u00bb custom_margin=\u00a0\u00bb||0px|0px|false|false\u00a0\u00bb custom_margin_tablet=\u00a0\u00bb||0px|0px|false|false\u00a0\u00bb custom_margin_phone=\u00a0\u00bb2px||-6px|0px|false|false\u00a0\u00bb custom_margin_last_edited=\u00a0\u00bbon|phone\u00a0\u00bb custom_padding=\u00a0\u00bb450px|||750px|false|false\u00a0\u00bb custom_padding_tablet=\u00a0\u00bb450px|||750px|false|false\u00a0\u00bb custom_padding_phone=\u00a0\u00bb70px||10px|15px|false|false\u00a0\u00bb custom_padding_last_edited=\u00a0\u00bbon|phone\u00a0\u00bb text_font_size_tablet=\u00a0\u00bb\u00a0\u00bb text_font_size_phone=\u00a0\u00bb20px\u00a0\u00bb text_font_size_last_edited=\u00a0\u00bbon|phone\u00a0\u00bb header_font_size_tablet=\u00a0\u00bb60px\u00a0\u00bb header_font_size_phone=\u00a0\u00bb32px\u00a0\u00bb header_font_size_last_edited=\u00a0\u00bbon|phone\u00a0\u00bb locked=\u00a0\u00bboff\u00a0\u00bb global_colors_info=\u00a0\u00bb{}\u00a0\u00bb]<\/p>\n<h1>Conditions G\u00e9n\u00e9rales<\/h1>\n<p>[\/et_pb_text][et_pb_divider color=\u00a0\u00bb#f7d584&Prime; divider_weight=\u00a0\u00bb3px\u00a0\u00bb disabled_on=\u00a0\u00bbon|on|off\u00a0\u00bb _builder_version=\u00a0\u00bb4.25.1&Prime; max_width=\u00a0\u00bb80px\u00a0\u00bb module_alignment=\u00a0\u00bbleft\u00a0\u00bb height=\u00a0\u00bb10px\u00a0\u00bb custom_margin=\u00a0\u00bb||20px|750px|false|false\u00a0\u00bb custom_margin_tablet=\u00a0\u00bb||20px|750px|false|false\u00a0\u00bb custom_margin_phone=\u00a0\u00bb||20px|15px|false|false\u00a0\u00bb custom_margin_last_edited=\u00a0\u00bbon|phone\u00a0\u00bb custom_padding=\u00a0\u00bb|||763px|false|false\u00a0\u00bb animation_style=\u00a0\u00bbslide\u00a0\u00bb animation_direction=\u00a0\u00bbbottom\u00a0\u00bb saved_tabs=\u00a0\u00bball\u00a0\u00bb locked=\u00a0\u00bboff\u00a0\u00bb global_colors_info=\u00a0\u00bb{}\u00a0\u00bb][\/et_pb_divider][et_pb_button button_text=\u00a0\u00bbD\u00e9couvrez\u00a0\u00bb button_alignment=\u00a0\u00bbleft\u00a0\u00bb button_alignment_tablet=\u00a0\u00bbleft\u00a0\u00bb button_alignment_phone=\u00a0\u00bbcenter\u00a0\u00bb button_alignment_last_edited=\u00a0\u00bbon|phone\u00a0\u00bb _builder_version=\u00a0\u00bb4.25.1&Prime; custom_button=\u00a0\u00bbon\u00a0\u00bb button_text_size=\u00a0\u00bb14px\u00a0\u00bb button_text_color=\u00a0\u00bbrgba(0,0,0,0.7)\u00a0\u00bb button_bg_color=\u00a0\u00bb#f7d584&Prime; button_border_width=\u00a0\u00bb0px\u00a0\u00bb button_border_radius=\u00a0\u00bb0px\u00a0\u00bb button_letter_spacing=\u00a0\u00bb2px\u00a0\u00bb button_font=\u00a0\u00bbPoppins|600||on|||||\u00a0\u00bb button_use_icon=\u00a0\u00bboff\u00a0\u00bb custom_margin=\u00a0\u00bb20px|763px||763px|false|true\u00a0\u00bb custom_margin_tablet=\u00a0\u00bb20px|763px||763px|false|true\u00a0\u00bb custom_margin_phone=\u00a0\u00bb20px|20px|14px|20px|false|true\u00a0\u00bb custom_margin_last_edited=\u00a0\u00bbon|phone\u00a0\u00bb custom_padding=\u00a0\u00bb9px|28px|9px|28px|true|false\u00a0\u00bb hover_enabled=\u00a0\u00bb0&Prime; button_text_size_tablet=\u00a0\u00bb14px\u00a0\u00bb button_text_size_phone=\u00a0\u00bb13px\u00a0\u00bb button_text_size_last_edited=\u00a0\u00bbon|phone\u00a0\u00bb box_shadow_style=\u00a0\u00bbpreset1&Prime; box_shadow_vertical=\u00a0\u00bb10px\u00a0\u00bb box_shadow_blur=\u00a0\u00bb30px\u00a0\u00bb box_shadow_color=\u00a0\u00bbrgba(0,0,0,0.2)\u00a0\u00bb button_letter_spacing_hover=\u00a0\u00bb2px\u00a0\u00bb global_colors_info=\u00a0\u00bb{}\u00a0\u00bb button_text_size__hover_enabled=\u00a0\u00bboff\u00a0\u00bb button_one_text_size__hover_enabled=\u00a0\u00bboff\u00a0\u00bb button_two_text_size__hover_enabled=\u00a0\u00bboff\u00a0\u00bb button_text_color__hover_enabled=\u00a0\u00bboff\u00a0\u00bb button_one_text_color__hover_enabled=\u00a0\u00bboff\u00a0\u00bb button_two_text_color__hover_enabled=\u00a0\u00bboff\u00a0\u00bb button_border_width__hover_enabled=\u00a0\u00bboff\u00a0\u00bb button_one_border_width__hover_enabled=\u00a0\u00bboff\u00a0\u00bb button_two_border_width__hover_enabled=\u00a0\u00bboff\u00a0\u00bb button_border_color__hover_enabled=\u00a0\u00bboff\u00a0\u00bb button_one_border_color__hover_enabled=\u00a0\u00bboff\u00a0\u00bb button_two_border_color__hover_enabled=\u00a0\u00bboff\u00a0\u00bb button_border_radius__hover_enabled=\u00a0\u00bboff\u00a0\u00bb button_one_border_radius__hover_enabled=\u00a0\u00bboff\u00a0\u00bb button_two_border_radius__hover_enabled=\u00a0\u00bboff\u00a0\u00bb button_letter_spacing__hover_enabled=\u00a0\u00bbon\u00a0\u00bb button_letter_spacing__hover=\u00a0\u00bb2px\u00a0\u00bb button_one_letter_spacing__hover_enabled=\u00a0\u00bboff\u00a0\u00bb button_two_letter_spacing__hover_enabled=\u00a0\u00bboff\u00a0\u00bb button_bg_color__hover_enabled=\u00a0\u00bboff\u00a0\u00bb button_one_bg_color__hover_enabled=\u00a0\u00bboff\u00a0\u00bb button_two_bg_color__hover_enabled=\u00a0\u00bboff\u00a0\u00bb button_url=\u00a0\u00bb#conditiong\u00e9n\u00e9ralesuite\u00a0\u00bb sticky_enabled=\u00a0\u00bb0&Prime;][\/et_pb_button][\/et_pb_column][\/et_pb_row][\/et_pb_section][et_pb_section fb_built=\u00a0\u00bb1&Prime; admin_label=\u00a0\u00bbAbout Us \u00a0\u00bb _builder_version=\u00a0\u00bb4.25.1&Prime; min_height=\u00a0\u00bb534px\u00a0\u00bb custom_margin=\u00a0\u00bb-200px|||||\u00a0\u00bb custom_padding=\u00a0\u00bb65px|0px|6px|0px||\u00a0\u00bb hover_enabled=\u00a0\u00bb0&Prime; global_colors_info=\u00a0\u00bb{}\u00a0\u00bb module_id=\u00a0\u00bbconditiong\u00e9n\u00e9ralesuite\u00a0\u00bb sticky_enabled=\u00a0\u00bb0&Prime;][et_pb_row _builder_version=\u00a0\u00bb4.25.1&Prime; _module_preset=\u00a0\u00bbdefault\u00a0\u00bb global_colors_info=\u00a0\u00bb{}\u00a0\u00bb][et_pb_column type=\u00a0\u00bb4_4&Prime; _builder_version=\u00a0\u00bb4.25.1&Prime; _module_preset=\u00a0\u00bbdefault\u00a0\u00bb global_colors_info=\u00a0\u00bb{}\u00a0\u00bb][et_pb_accordion _builder_version=\u00a0\u00bb4.25.1&Prime; _module_preset=\u00a0\u00bbdefault\u00a0\u00bb global_colors_info=\u00a0\u00bb{}\u00a0\u00bb][et_pb_accordion_item title=\u00a0\u00bbExclusions et limitations de responsabilit\u00e9\u00a0\u00bb open=\u00a0\u00bbon\u00a0\u00bb _builder_version=\u00a0\u00bb4.25.1&Prime; _module_preset=\u00a0\u00bbdefault\u00a0\u00bb global_colors_info=\u00a0\u00bb{}\u00a0\u00bb]<\/p>\n<p><em><strong>Responsabilit\u00e9<\/strong><\/em><\/p>\n<p>Le guide est seul et exclusivement responsable de la pr\u00e9paration et du bon d\u00e9roulement des visites. Le r\u00f4le de GSE se limite \u00e0 faciliter la r\u00e9servation d&rsquo;un guide par le biais du site web. GSE n&rsquo;assume aucune responsabilit\u00e9 quant \u00e0 la bonne ex\u00e9cution de l&rsquo;Accord du Guide ni en ce qui concerne les actes, omissions, erreurs, repr\u00e9sentations, garanties, violations ou n\u00e9gligences de tout guide, ni pour tout dommage corporel, d\u00e9c\u00e8s, dommage mat\u00e9riel ou autres dommages ou d\u00e9penses r\u00e9sultant des interactions entre l&rsquo;utilisateur et le guide, ainsi que de l&rsquo;Accord du Guide. GSE n&rsquo;est pas responsable en cas de retard, d&rsquo;annulation, de surr\u00e9servation, de gr\u00e8ve, de force majeure ou de toute autre cause \u00e9chappant \u00e0 son contr\u00f4le direct.<\/p>\n<p><em><strong>Informations et Contenu du Site Web<\/strong><\/em><\/p>\n<p>Les informations figurant sur le site web ont \u00e9t\u00e9 rassembl\u00e9es de bonne foi par GSE. Toutefois, si ces informations sont incompl\u00e8tes ou contiennent des erreurs, GSE ne peut en \u00eatre tenu pour responsable. De plus, GSE ne peut \u00eatre tenu responsable de dommages directs ou indirects, de quelque nature que ce soit, li\u00e9s \u00e0 l&rsquo;utilisation ou \u00e0 l&rsquo;acc\u00e8s au site web, ou aux informations, \u00e9valuations ou recommandations qu&rsquo;il contient.<\/p>\n<p><em><strong>Interruption et Acc\u00e8s au Site Web<\/strong><\/em><\/p>\n<p>GSE ne peut \u00eatre tenu pour responsable des dommages directs ou indirects r\u00e9sultant de l&rsquo;interruption de l&rsquo;utilisation ou de l&rsquo;impossibilit\u00e9 d&rsquo;acc\u00e9der au site web.<\/p>\n<p><em><strong>Limitation de Responsabilit\u00e9<\/strong><\/em><\/p>\n<p>Dans l&rsquo;\u00e9ventualit\u00e9 improbable o\u00f9 GSE serait tenu responsable de toute perte ou dommage d\u00e9coulant de l&rsquo;utilisation du site web ou du service fourni par GSE, ou en relation avec l&rsquo;Accord du Guide, sa responsabilit\u00e9 ne d\u00e9passera pas le montant le plus \u00e9lev\u00e9 de deux cents euros (200,00 EUR).<\/p>\n<p>[\/et_pb_accordion_item][et_pb_accordion_item title=\u00a0\u00bbProtection des donn\u00e9es\u00a0\u00bb _builder_version=\u00a0\u00bb4.25.1&Prime; _module_preset=\u00a0\u00bbdefault\u00a0\u00bb global_colors_info=\u00a0\u00bb{}\u00a0\u00bb open=\u00a0\u00bboff\u00a0\u00bb]<\/p>\n<p><em><strong>Collecte et Utilisation des Donn\u00e9es<\/strong> <strong>Personnelles<\/strong><\/em><\/p>\n<p>Pour utiliser les services fournis sur le site web, l&rsquo;utilisateur peut \u00eatre invit\u00e9 \u00e0 fournir certaines donn\u00e9es personnelles, telles que :<\/p>\n<ul>\n<li>Nom et pr\u00e9nom<\/li>\n<li>Adresse<\/li>\n<li>Adresse \u00e9lectronique<\/li>\n<li>Num\u00e9ro de portable<\/li>\n<li>Date de naissance<\/li>\n<li>Langue<\/li>\n<li>Copie de la carte d&rsquo;identit\u00e9<\/li>\n<li>Autres donn\u00e9es n\u00e9cessaires \u00e0 la fourniture du service, comme les pr\u00e9f\u00e9rences et exigences sp\u00e9cifiques li\u00e9es au voyage<\/li>\n<\/ul>\n<p>GSE traite ces donn\u00e9es personnelles pour :<br \/>1. Permettre \u00e0 l&rsquo;utilisateur d&rsquo;acc\u00e9der et d&rsquo;utiliser les fonctionnalit\u00e9s du site web.<br \/>2. Effectuer des \u00e9tudes de march\u00e9, de la publicit\u00e9 ou du marketing direct.<br \/>3. Communiquer avec l&rsquo;utilisateur et le tenir inform\u00e9 de toute op\u00e9ration initi\u00e9e par GSE qui pourrait l&rsquo;int\u00e9resser.<\/p>\n<p><em><strong>Confidentialit\u00e9 et Partage des Donn\u00e9es<\/strong><\/em><\/p>\n<p>Sauf si la communication de donn\u00e9es personnelles \u00e0 une soci\u00e9t\u00e9 tierce est n\u00e9cessaire pour atteindre les objectifs mentionn\u00e9s ci-dessus, GSE ne divulguera, ne vendra, ne louera ni n&rsquo;\u00e9changera les donn\u00e9es personnelles \u00e0 toute soci\u00e9t\u00e9 ou entit\u00e9 autre qu&rsquo;une soci\u00e9t\u00e9 ou entit\u00e9 affili\u00e9e \u00e0 GSE, sans l&rsquo;accord explicite pr\u00e9alable de l&rsquo;utilisateur.<\/p>\n<p><em><strong>Droits de l&rsquo;Utilisateur<\/strong><\/em><\/p>\n<p>Conform\u00e9ment aux dispositions l\u00e9gales applicables, l&rsquo;utilisateur peut :<\/p>\n<ul>\n<li>Recevoir un aper\u00e7u ou demander la modification de ses informations personnelles trait\u00e9es par GSE en envoyant un e-mail \u00e0 <a href=\"mailto:georgiansummitexpedition@gmail.com\">georgiansummitexpedition@gmail.com<\/a>.<\/li>\n<li>S&rsquo;opposer \u00e0 l&rsquo;utilisation de ses informations personnelles dans le cadre d&rsquo;activit\u00e9s de marketing direct en soumettant une demande correspondante \u00e0 GSE.<\/li>\n<\/ul>\n<p><em><strong>Engagement de GSE sur la Protection des Donn\u00e9es<\/strong><\/em><\/p>\n<p>GSE s&rsquo;engage \u00e0 pr\u00e9server la vie priv\u00e9e de l&rsquo;utilisateur en traitant ses donn\u00e9es personnelles en pleine conformit\u00e9 avec la loi du 8 d\u00e9cembre 1992 relative au traitement des donn\u00e9es \u00e0 caract\u00e8re personnel et le r\u00e8glement (UE) 2016\/679 du Parlement europ\u00e9en et du Conseil du 27 avril 2016 (r\u00e8glement g\u00e9n\u00e9ral sur la protection des donn\u00e9es). Pour plus d&rsquo;informations, veuillez vous r\u00e9f\u00e9rer \u00e0 la politique de confidentialit\u00e9 de GSE.<\/p>\n<p><em><strong>Droits de Propri\u00e9t\u00e9 Intellectuelle<\/strong><\/em><\/p>\n<p>Le mat\u00e9riel pr\u00e9sent\u00e9 sur le site web, y compris les textes, images, logos, clips, marques d\u00e9pos\u00e9es, donn\u00e9es ainsi que leur combinaison ou compilation, est la propri\u00e9t\u00e9 physique et intellectuelle de GSE ou de tiers avec lesquels GSE a conclu des accords de licence ou d&rsquo;autres accords. Ce mat\u00e9riel peut \u00eatre prot\u00e9g\u00e9 par des droits d&rsquo;auteur, des droits de marque ou d&rsquo;autres lois relatives \u00e0 la propri\u00e9t\u00e9 intellectuelle. Il est interdit de copier, envoyer, distribuer, diffuser, vendre, publier, \u00e9mettre, arranger ou modifier le mat\u00e9riel du site web, en tout ou en partie, sans l&rsquo;autorisation \u00e9crite expresse de GSE. Si l&rsquo;utilisateur souhaite reproduire ou communiquer ce mat\u00e9riel au public, il doit obtenir une autorisation \u00e9crite expresse de GSE.<\/p>\n<p>[\/et_pb_accordion_item][\/et_pb_accordion][et_pb_accordion _builder_version=\u00a0\u00bb4.25.1&Prime; _module_preset=\u00a0\u00bbdefault\u00a0\u00bb background_color=\u00a0\u00bbRGBA(255,255,255,0)\u00a0\u00bb global_colors_info=\u00a0\u00bb{}\u00a0\u00bb][et_pb_accordion_item title=\u00a0\u00bbObligations de l&rsquo;utilisateur \u00a0\u00bb open=\u00a0\u00bbon\u00a0\u00bb toggle_icon=\u00a0\u00bb&#x24;||divi||400&Prime; use_icon_font_size=\u00a0\u00bbon\u00a0\u00bb _builder_version=\u00a0\u00bb4.25.1&Prime; _module_preset=\u00a0\u00bbdefault\u00a0\u00bb global_colors_info=\u00a0\u00bb{}\u00a0\u00bb]<\/p>\n<p>L&rsquo;utilisateur doit fournir des informations v\u00e9ridiques lorsqu&rsquo;il demande un guide. Seuls les utilisateurs majeurs, selon la r\u00e9glementation l\u00e9gale applicable, peuvent faciliter la r\u00e9servation d&rsquo;un guide sur le site web. GSE peut demander une preuve de la date de naissance de l&rsquo;utilisateur dans certains cas.<\/p>\n<p>L&rsquo;utilisateur est responsable de s&rsquo;assurer que ses documents de voyage, y compris passeports et visas, sont en ordre pour le voyage r\u00e9serv\u00e9. Pour les exigences en mati\u00e8re de passeport et de visa, il doit consulter l&rsquo;ambassade ou le consulat concern\u00e9. De plus, l&rsquo;utilisateur doit souscrire \u00e0 une assurance rapatriement, sant\u00e9, et annulation.<\/p>\n<p>L&rsquo;utilisateur doit s&rsquo;assurer qu&rsquo;il est en bonne sant\u00e9, suffisamment en forme et poss\u00e8de un niveau de comp\u00e9tence appropri\u00e9 pour le voyage r\u00e9serv\u00e9. Si ce n&rsquo;est pas le cas, le guide se r\u00e9serve le droit d&rsquo;exclure l&rsquo;utilisateur du tour pour des raisons de s\u00e9curit\u00e9.<\/p>\n<p>L&rsquo;utilisateur doit disposer de l&rsquo;\u00e9quipement ad\u00e9quat et n\u00e9cessaire, d\u00e9fini en coordination avec le guide, pour faire face aux risques potentiels (changements soudains de temps, chutes de pierres, pr\u00e9cipitations, crevasses, avalanches, etc.). Si l&rsquo;utilisateur n&rsquo;est pas correctement \u00e9quip\u00e9, le guide peut l&rsquo;envoyer acheter ou louer du mat\u00e9riel ad\u00e9quat ou annuler le tour.<\/p>\n<p>L&rsquo;utilisateur doit informer GSE de toute annulation d&rsquo;un accord de guide, que l&rsquo;annulation provienne de l&rsquo;utilisateur ou du guide.<\/p>\n<p>Une fois que l&rsquo;utilisateur accepte le contrat fourni par GSE, les conditions g\u00e9n\u00e9rales entrent en vigueur.<\/p>\n<p>[\/et_pb_accordion_item][et_pb_accordion_item title=\u00a0\u00bbServices\u00a0\u00bb _builder_version=\u00a0\u00bb4.25.1&Prime; _module_preset=\u00a0\u00bbdefault\u00a0\u00bb global_colors_info=\u00a0\u00bb{}\u00a0\u00bb open=\u00a0\u00bboff\u00a0\u00bb]<\/p>\n<p>GSE facilite la r\u00e9servation d&rsquo;un guide pour les utilisateurs via son site web. L&rsquo;objectif est d&rsquo;aider les utilisateurs \u00e0 trouver et r\u00e9server un guide ind\u00e9pendant pour les loisirs de plein air, en structurant la demande gr\u00e2ce \u00e0 une s\u00e9rie de questions.<\/p>\n<p>Les guides r\u00e9pertori\u00e9s sur le site proposent des circuits qu&rsquo;ils ont con\u00e7us eux-m\u00eames, mais ils peuvent \u00e9galement offrir des visites personnalis\u00e9es selon les souhaits des utilisateurs.<\/p>\n<p><em><strong>Processus de R\u00e9servation<\/strong><\/em><\/p>\n<p><strong>1.<\/strong> <strong>Demande de Tour :<\/strong><br \/>L&rsquo;utilisateur envoie une demande de tour \u00e0 un guide r\u00e9pertori\u00e9 sur le site, apr\u00e8s avoir accept\u00e9 les pr\u00e9sentes conditions g\u00e9n\u00e9rales. Pendant le processus, l&rsquo;utilisateur r\u00e9pond \u00e0 certaines questions n\u00e9cessaires au guide pour traiter la demande.<\/p>\n<p><strong>2. R\u00e9ponse du Guide :<\/strong><br \/>Le guide peut r\u00e9pondre en :<\/p>\n<ul>\n<li>Faisant une offre formelle bas\u00e9e sur la demande.<\/li>\n<li>Faisant une offre formelle avec des modifications, bas\u00e9e sur le prix et les d\u00e9tails du tour list\u00e9 sur sa page.<\/li>\n<li>Refusant la demande.<\/li>\n<\/ul>\n<p><strong>3. Conclusion de l&rsquo;Accord :<\/strong><br \/>&#8211; L&rsquo;offre est envoy\u00e9e \u00e0 l&rsquo;utilisateur avec les conditions g\u00e9n\u00e9rales du guide, le cas \u00e9ch\u00e9ant.<br \/>&#8211; L&rsquo;accord est form\u00e9 lorsque l&rsquo;utilisateur accepte l&rsquo;offre et les conditions g\u00e9n\u00e9rales du guide.<br \/>&#8211; Toute modification du contrat n\u00e9cessite une acceptation \u00e9crite par l&rsquo;utilisateur.<br \/>&#8211; Sans paiement de l&rsquo;utilisateur dans un d\u00e9lai de 30 jours, l&rsquo;accord sera automatiquement annul\u00e9 sans notification.<\/p>\n<p><em><strong>Annulations et Modifications<\/strong><\/em><\/p>\n<p><strong>&#8211; Conditions M\u00e9t\u00e9orologiques :<\/strong><br \/>Si le mauvais temps ou des conditions inad\u00e9quates obligent le guide \u00e0 annuler le voyage, le guide peut :<\/p>\n<ul>\n<li>Proposer une activit\u00e9 similaire dans un endroit diff\u00e9rent.<\/li>\n<li>Proposer de reporter l&rsquo;activit\u00e9 \u00e0 une date ult\u00e9rieure.<\/li>\n<li>Annuler l&rsquo;activit\u00e9.<\/li>\n<li>Si l&rsquo;utilisateur refuse l&rsquo;option de remplacement, la politique d&rsquo;annulation s&rsquo;applique.<\/li>\n<li>L&rsquo;annulation pour cause de mauvais temps est d\u00e9cid\u00e9e par le guide, bien qu&rsquo;un remboursement partiel puisse \u00eatre offert \u00e0 la discr\u00e9tion du guide.<\/li>\n<\/ul>\n<p><em><strong>Frais Non Remboursables<\/strong><\/em><\/p>\n<p>En r\u00e9servant un voyage, l&rsquo;utilisateur reconna\u00eet et accepte que les frais suivants ne sont pas remboursables :<\/p>\n<ul>\n<li>Frais d&rsquo;administration : 3% du prix total du tour.<\/li>\n<li>Frais de service : 27% du prix total du tour.<\/li>\n<li>Frais non remboursables pay\u00e9s par le guide pour organiser le voyage (logement, administration, salaires, porteurs, nourriture, etc.), d\u00e9finis au moment de la demande d&rsquo;annulation du client.<\/li>\n<li>Frais de carte de cr\u00e9dit : environ 1,6% du montant pay\u00e9 par carte de cr\u00e9dit.<\/li>\n<li>Tout autre frais clairement mentionn\u00e9 comme non remboursable avant la r\u00e9servation.<\/li>\n<\/ul>\n<p><em><strong>Politique d&rsquo;Annulation<\/strong><\/em><\/p>\n<p><strong>Annulation avant 30 jours :<\/strong><\/p>\n<ul>\n<li>Remboursement int\u00e9gral sauf acompte de 30%, frais d&rsquo;administration, de service et de carte de cr\u00e9dit.<\/li>\n<\/ul>\n<p><strong>Annulation avant 20 jours :<\/strong><\/p>\n<ul>\n<li>Remboursement de 50% sauf frais d&rsquo;administration, de service et de carte de cr\u00e9dit.<\/li>\n<li><strong>Annulation \u00e0 moins de 20 jours :<\/strong><br \/>Aucun remboursement possible.<\/li>\n<\/ul>\n<p><em><strong>Publication d&rsquo;Avis<\/strong><\/em><\/p>\n<p>GSE permet aux utilisateurs de publier un commentaire (texte\/photo) sur leur voyage sur le site web. Les avis doivent \u00eatre r\u00e9dig\u00e9s de mani\u00e8re juste et objective, et contenir des informations utiles aux autres utilisateurs. GSE se r\u00e9serve le droit de supprimer tout commentaire sans pr\u00e9avis \u00e0 sa seule discr\u00e9tion.<\/p>\n<p>En acceptant le contrat fourni par GSE, les conditions g\u00e9n\u00e9rales entrent en vigueur.<\/p>\n<p>[\/et_pb_accordion_item][\/et_pb_accordion][\/et_pb_column][\/et_pb_row][\/et_pb_section]<\/p>\n","protected":false},"excerpt":{"rendered":"<p>Conditions G\u00e9n\u00e9ralesResponsabilit\u00e9 Le guide est seul et exclusivement responsable de la pr\u00e9paration et du bon d\u00e9roulement des visites. Le r\u00f4le de GSE se limite \u00e0 faciliter la r\u00e9servation d&rsquo;un guide par le biais du site web. GSE n&rsquo;assume aucune responsabilit\u00e9 quant \u00e0 la bonne ex\u00e9cution de l&rsquo;Accord du Guide ni en ce qui concerne les [&hellip;]<\/p>\n","protected":false},"author":1,"featured_media":0,"parent":0,"menu_order":0,"comment_status":"closed","ping_status":"closed","template":"","meta":{"_et_pb_use_builder":"on","_et_pb_old_content":"","_et_gb_content_width":"","footnotes":""},"class_list":["post-29130","page","type-page","status-publish","hentry"],"_links":{"self":[{"href":"https:\/\/georgiansummitexpedition.com\/en\/wp-json\/wp\/v2\/pages\/29130","targetHints":{"allow":["GET"]}}],"collection":[{"href":"https:\/\/georgiansummitexpedition.com\/en\/wp-json\/wp\/v2\/pages"}],"about":[{"href":"https:\/\/georgiansummitexpedition.com\/en\/wp-json\/wp\/v2\/types\/page"}],"author":[{"embeddable":true,"href":"https:\/\/georgiansummitexpedition.com\/en\/wp-json\/wp\/v2\/users\/1"}],"replies":[{"embeddable":true,"href":"https:\/\/georgiansummitexpedition.com\/en\/wp-json\/wp\/v2\/comments?post=29130"}],"version-history":[{"count":6,"href":"https:\/\/georgiansummitexpedition.com\/en\/wp-json\/wp\/v2\/pages\/29130\/revisions"}],"predecessor-version":[{"id":29534,"href":"https:\/\/georgiansummitexpedition.com\/en\/wp-json\/wp\/v2\/pages\/29130\/revisions\/29534"}],"wp:attachment":[{"href":"https:\/\/georgiansummitexpedition.com\/en\/wp-json\/wp\/v2\/media?parent=29130"}],"curies":[{"name":"wp","href":"https:\/\/api.w.org\/{rel}","templated":true}]}}