{"id":29247,"date":"2024-05-26T08:58:57","date_gmt":"2024-05-26T06:58:57","guid":{"rendered":"http:\/\/www.georgiansummitexpedition.com\/?page_id=29247"},"modified":"2026-03-17T11:13:00","modified_gmt":"2026-03-17T10:13:00","slug":"7-jours-de-trekking-sur-les-lacs-de-tobavarchkhili","status":"publish","type":"page","link":"https:\/\/georgiansummitexpedition.com\/en\/7-jours-de-trekking-sur-les-lacs-de-tobavarchkhili\/","title":{"rendered":"Trekking &#8211; 7 JOURS DE TREKKING SUR LES LACS DE TOBAVARCHKHILI"},"content":{"rendered":"<p>[et_pb_section fb_built=\u00a0\u00bb1&Prime; admin_label=\u00a0\u00bbHero Section\u00a0\u00bb _builder_version=\u00a0\u00bb4.25.1&Prime; background_color=\u00a0\u00bb#000000&Prime; background_image=\u00a0\u00bbhttp:\/\/www.georgiansummitexpedition.com\/wp-content\/uploads\/2024\/05\/7-copie-scaled.jpg\u00a0\u00bb background_enable_video_mp4=\u00a0\u00bboff\u00a0\u00bb background_enable_video_webm=\u00a0\u00bboff\u00a0\u00bb custom_padding=\u00a0\u00bb100px|0px|235px|0px||\u00a0\u00bb animation_style=\u00a0\u00bbslide\u00a0\u00bb animation_direction=\u00a0\u00bbtop\u00a0\u00bb animation_intensity_slide=\u00a0\u00bb2%\u00a0\u00bb animation_starting_opacity=\u00a0\u00bb100%\u00a0\u00bb global_colors_info=\u00a0\u00bb{}\u00a0\u00bb][et_pb_row column_structure=\u00a0\u00bb1_2,1_2&Prime; _builder_version=\u00a0\u00bb4.16&Prime; max_width=\u00a0\u00bb1440px\u00a0\u00bb use_custom_width=\u00a0\u00bbon\u00a0\u00bb custom_width_px=\u00a0\u00bb1440px\u00a0\u00bb global_colors_info=\u00a0\u00bb{}\u00a0\u00bb][et_pb_column type=\u00a0\u00bb1_2&Prime; _builder_version=\u00a0\u00bb4.16&Prime; custom_padding=\u00a0\u00bb|||\u00a0\u00bb global_colors_info=\u00a0\u00bb{}\u00a0\u00bb custom_padding__hover=\u00a0\u00bb|||\u00a0\u00bb][\/et_pb_column][et_pb_column type=\u00a0\u00bb1_2&Prime; _builder_version=\u00a0\u00bb4.16&Prime; custom_padding=\u00a0\u00bb40px|||\u00a0\u00bb global_colors_info=\u00a0\u00bb{}\u00a0\u00bb custom_padding__hover=\u00a0\u00bb|||\u00a0\u00bb][et_pb_text _builder_version=\u00a0\u00bb4.25.1&Prime; text_font=\u00a0\u00bb||||||||\u00a0\u00bb text_font_size=\u00a0\u00bb15px\u00a0\u00bb header_font=\u00a0\u00bbPlayfair Display|700|||||||\u00a0\u00bb header_text_color=\u00a0\u00bb#ffffff\u00a0\u00bb header_font_size=\u00a0\u00bb83px\u00a0\u00bb header_line_height=\u00a0\u00bb0.8em\u00a0\u00bb header_2_font=\u00a0\u00bb||||||||\u00a0\u00bb header_2_font_size=\u00a0\u00bb27px\u00a0\u00bb header_3_font=\u00a0\u00bb||||||||\u00a0\u00bb header_4_font=\u00a0\u00bb||||||||\u00a0\u00bb header_5_font=\u00a0\u00bb||||||||\u00a0\u00bb header_6_font=\u00a0\u00bb||||||||\u00a0\u00bb background_color=\u00a0\u00bbrgba(0,0,0,0.13)\u00a0\u00bb custom_margin=\u00a0\u00bb||20px|\u00a0\u00bb header_font_size_tablet=\u00a0\u00bb83px\u00a0\u00bb header_font_size_phone=\u00a0\u00bb83px\u00a0\u00bb header_font_size_last_edited=\u00a0\u00bbon|desktop\u00a0\u00bb locked=\u00a0\u00bboff\u00a0\u00bb global_colors_info=\u00a0\u00bb{}\u00a0\u00bb]<\/p>\n<h1 class=\"font_2 wixui-rich-text__text\"><span class=\"wixui-rich-text__text\" style=\"font-size: xx-large;\">7 Jours de Trekking sur les lacs de Tobavarchkhili<\/span><\/h1>\n<p>[\/et_pb_text][et_pb_divider color=\u00a0\u00bb#f7d584&Prime; divider_weight=\u00a0\u00bb3px\u00a0\u00bb disabled_on=\u00a0\u00bbon|on|off\u00a0\u00bb _builder_version=\u00a0\u00bb4.16&Prime; max_width=\u00a0\u00bb80px\u00a0\u00bb module_alignment=\u00a0\u00bbleft\u00a0\u00bb height=\u00a0\u00bb10px\u00a0\u00bb custom_margin=\u00a0\u00bb||20px|\u00a0\u00bb animation_style=\u00a0\u00bbslide\u00a0\u00bb animation_direction=\u00a0\u00bbbottom\u00a0\u00bb saved_tabs=\u00a0\u00bball\u00a0\u00bb locked=\u00a0\u00bboff\u00a0\u00bb global_colors_info=\u00a0\u00bb{}\u00a0\u00bb][\/et_pb_divider][et_pb_text _builder_version=\u00a0\u00bb4.16&Prime; text_font=\u00a0\u00bbPoppins||||||||\u00a0\u00bb text_text_color=\u00a0\u00bbrgba(255,255,255,0.8)\u00a0\u00bb text_font_size=\u00a0\u00bb18px\u00a0\u00bb text_line_height=\u00a0\u00bb1.8em\u00a0\u00bb header_font=\u00a0\u00bb||||||||\u00a0\u00bb custom_margin=\u00a0\u00bb||-4px|||\u00a0\u00bb locked=\u00a0\u00bboff\u00a0\u00bb global_colors_info=\u00a0\u00bb{}\u00a0\u00bb][\/et_pb_text][et_pb_button button_url=\u00a0\u00bb#tobasuite\u00a0\u00bb button_text=\u00a0\u00bbD\u00e9couvrez\u00a0\u00bb _builder_version=\u00a0\u00bb4.25.1&Prime; custom_button=\u00a0\u00bbon\u00a0\u00bb button_text_size=\u00a0\u00bb14px\u00a0\u00bb button_text_color=\u00a0\u00bbrgba(0,0,0,0.7)\u00a0\u00bb button_bg_color=\u00a0\u00bb#f7d584&Prime; button_border_width=\u00a0\u00bb0px\u00a0\u00bb button_border_radius=\u00a0\u00bb0px\u00a0\u00bb button_letter_spacing=\u00a0\u00bb2px\u00a0\u00bb button_font=\u00a0\u00bbPoppins|600||on|||||\u00a0\u00bb button_use_icon=\u00a0\u00bboff\u00a0\u00bb custom_margin=\u00a0\u00bb20px|||\u00a0\u00bb custom_padding=\u00a0\u00bb12px|28px|12px|28px\u00a0\u00bb box_shadow_style=\u00a0\u00bbpreset1&Prime; box_shadow_vertical=\u00a0\u00bb10px\u00a0\u00bb box_shadow_blur=\u00a0\u00bb30px\u00a0\u00bb box_shadow_color=\u00a0\u00bbrgba(0,0,0,0.2)\u00a0\u00bb button_letter_spacing_hover=\u00a0\u00bb2px\u00a0\u00bb global_colors_info=\u00a0\u00bb{}\u00a0\u00bb button_text_size__hover_enabled=\u00a0\u00bboff\u00a0\u00bb button_one_text_size__hover_enabled=\u00a0\u00bboff\u00a0\u00bb button_two_text_size__hover_enabled=\u00a0\u00bboff\u00a0\u00bb button_text_color__hover_enabled=\u00a0\u00bboff\u00a0\u00bb button_one_text_color__hover_enabled=\u00a0\u00bboff\u00a0\u00bb button_two_text_color__hover_enabled=\u00a0\u00bboff\u00a0\u00bb button_border_width__hover_enabled=\u00a0\u00bboff\u00a0\u00bb button_one_border_width__hover_enabled=\u00a0\u00bboff\u00a0\u00bb button_two_border_width__hover_enabled=\u00a0\u00bboff\u00a0\u00bb button_border_color__hover_enabled=\u00a0\u00bboff\u00a0\u00bb button_one_border_color__hover_enabled=\u00a0\u00bboff\u00a0\u00bb button_two_border_color__hover_enabled=\u00a0\u00bboff\u00a0\u00bb button_border_radius__hover_enabled=\u00a0\u00bboff\u00a0\u00bb button_one_border_radius__hover_enabled=\u00a0\u00bboff\u00a0\u00bb button_two_border_radius__hover_enabled=\u00a0\u00bboff\u00a0\u00bb button_letter_spacing__hover_enabled=\u00a0\u00bbon\u00a0\u00bb button_letter_spacing__hover=\u00a0\u00bb2px\u00a0\u00bb button_one_letter_spacing__hover_enabled=\u00a0\u00bboff\u00a0\u00bb button_two_letter_spacing__hover_enabled=\u00a0\u00bboff\u00a0\u00bb button_bg_color__hover_enabled=\u00a0\u00bboff\u00a0\u00bb button_one_bg_color__hover_enabled=\u00a0\u00bboff\u00a0\u00bb button_two_bg_color__hover_enabled=\u00a0\u00bboff\u00a0\u00bb][\/et_pb_button][\/et_pb_column][\/et_pb_row][\/et_pb_section][et_pb_section fb_built=\u00a0\u00bb1&Prime; admin_label=\u00a0\u00bbAbout Us \u00a0\u00bb module_id=\u00a0\u00bbtobasuite\u00a0\u00bb _builder_version=\u00a0\u00bb4.25.1&Prime; min_height=\u00a0\u00bb534px\u00a0\u00bb custom_margin=\u00a0\u00bb-13px|||||\u00a0\u00bb custom_padding=\u00a0\u00bb3px|0px|60px|0px||\u00a0\u00bb global_colors_info=\u00a0\u00bb{}\u00a0\u00bb][et_pb_row make_equal=\u00a0\u00bbon\u00a0\u00bb _builder_version=\u00a0\u00bb4.25.1&Prime; _module_preset=\u00a0\u00bbdefault\u00a0\u00bb min_height=\u00a0\u00bb135px\u00a0\u00bb global_colors_info=\u00a0\u00bb{}\u00a0\u00bb][et_pb_column type=\u00a0\u00bb4_4&Prime; _builder_version=\u00a0\u00bb4.25.1&Prime; _module_preset=\u00a0\u00bbdefault\u00a0\u00bb global_colors_info=\u00a0\u00bb{}\u00a0\u00bb][et_pb_text _builder_version=\u00a0\u00bb4.25.1&Prime; _module_preset=\u00a0\u00bbdefault\u00a0\u00bb min_height=\u00a0\u00bb142px\u00a0\u00bb custom_padding=\u00a0\u00bb||2px|||\u00a0\u00bb global_colors_info=\u00a0\u00bb{}\u00a0\u00bb]<\/p>\n<p><span style=\"font-size: large;\"><em><strong>Trekking en Samagrelo<\/strong><\/em><\/span><\/p>\n<p>D\u00e9couvrez au cours de ce trekking, les paysages resplendissants de l\u2019ouest de la G\u00e9orgie. <br \/>Dans une r\u00e9gion encore rest\u00e9e sauvage, entre lacs et montagnes, ce tour de difficult\u00e9 moyenne vous emm\u00e8nera dans les profondeurs oubli\u00e9es du parc national de Samagrelo. <br \/>Des montagnes \u00e0 la mer, en passant par les lacs, cet itin\u00e9raire est con\u00e7u pour celles et ceux qui veulent combiner les plaisirs.<\/p>\n<p>Voyagez et explorez avec nous cette terre de merveilles !<\/p>\n<p>[\/et_pb_text][\/et_pb_column][\/et_pb_row][et_pb_row column_structure=\u00a0\u00bb1_2,1_2&Prime; _builder_version=\u00a0\u00bb4.25.1&Prime; _module_preset=\u00a0\u00bbdefault\u00a0\u00bb custom_padding=\u00a0\u00bb0px||0px|||\u00a0\u00bb global_colors_info=\u00a0\u00bb{}\u00a0\u00bb][et_pb_column type=\u00a0\u00bb1_2&Prime; _builder_version=\u00a0\u00bb4.25.1&Prime; _module_preset=\u00a0\u00bbdefault\u00a0\u00bb global_colors_info=\u00a0\u00bb{}\u00a0\u00bb][et_pb_text _builder_version=\u00a0\u00bb4.25.1&Prime; _module_preset=\u00a0\u00bbdefault\u00a0\u00bb global_colors_info=\u00a0\u00bb{}\u00a0\u00bb]<\/p>\n<p><em><strong>Points forts :<\/strong><\/em><\/p>\n<ul>\n<li>\n<p class=\"font_7 wixui-rich-text__text\"><span class=\"wixui-rich-text__text\">Kouta\u00efssi<\/span><\/p>\n<\/li>\n<li>\n<p class=\"font_7 wixui-rich-text__text\"><span class=\"wixui-rich-text__text\"><\/span><span class=\"wixui-rich-text__text\">Canyon Martvili<\/span><\/p>\n<\/li>\n<li>\n<p class=\"font_7 wixui-rich-text__text\"><span class=\"wixui-rich-text__text\"><\/span><span class=\"wixui-rich-text__text\">Grotte de Shurubumu<\/span><\/p>\n<\/li>\n<li>\n<p class=\"font_7 wixui-rich-text__text\"><span class=\"wixui-rich-text__text\">Petit et grand lac de Tobavarchkhili<\/span><\/p>\n<\/li>\n<li>\n<p class=\"font_7 wixui-rich-text__text\"><span class=\"wixui-rich-text__text\">Lacs de Didghele, Kaliashi, Tsakatshali<\/span><\/p>\n<\/li>\n<li>\n<p class=\"font_7 wixui-rich-text__text\"><span class=\"wixui-rich-text__text\">Vue sur l&rsquo;Elbrouz\u00a0<\/span><\/p>\n<\/li>\n<li>\n<p class=\"font_7 wixui-rich-text__text\"><span class=\"wixui-rich-text__text\"><\/span><span class=\"wixui-rich-text__text\">Cascade de Toba\u00a0<\/span><\/p>\n<\/li>\n<li>\n<p class=\"font_7 wixui-rich-text__text\"><span class=\"wixui-rich-text__text\">Fleuve Magana<\/span><\/p>\n<\/li>\n<\/ul>\n<p><em><strong>D\u00e9tails de la visite<\/strong> <\/em>:<\/p>\n<ul>\n<li><strong>Cat\u00e9gorie :<\/strong> Activit\u00e9s en plein air<\/li>\n<li><strong>P\u00e9riode :<\/strong> Fin du printemps &#8211; d\u00e9but de l&rsquo;automne<\/li>\n<li><strong>Dur\u00e9e<\/strong> <strong>:<\/strong> 7 jours<\/li>\n<li><strong>Longueur de l&rsquo;itin\u00e9raire :<\/strong> 40,7 km<\/li>\n<li><strong>Taille du groupe :<\/strong> Selon la demande<\/li>\n<\/ul>\n<p><em><strong>Inclus :<\/strong><\/em><\/p>\n<ul>\n<li>Prise en charge et transfert \u00e0 l&rsquo;a\u00e9roport<\/li>\n<li>Transport par v\u00e9hicule confortable<\/li>\n<li>Transport des bagages par un cheval pendant toute la dur\u00e9e de la visite<br \/>Service de guide certifi\u00e9<\/li>\n<li>6 nuit\u00e9es en tente,<\/li>\n<li>2 nuit\u00e9es en chambres doubles ( 2 nuits \u00e0 l&rsquo;h\u00f4tel)<\/li>\n<li>3 repas inclus par jour pendant la dur\u00e9e du tour<\/li>\n<li>Bouteille d&rsquo;eau<\/li>\n<\/ul>\n<p><em><strong>Non Inclus :<\/strong><\/em><\/p>\n<ul>\n<li>Billets d&rsquo;avion<\/li>\n<li>Assurances de voyage, annulation et rapatriement<\/li>\n<li>Frais de visa<\/li>\n<li>Logement en chambre individuelle<\/li>\n<li>Boissons alcoolis\u00e9es<\/li>\n<li>Autres d\u00e9penses personnelles<\/li>\n<li>Pourboires<\/li>\n<li>Materiel de trekking<\/li>\n<\/ul>\n<p>&nbsp;<\/p>\n<p>[\/et_pb_text][\/et_pb_column][et_pb_column type=\u00a0\u00bb1_2&Prime; _builder_version=\u00a0\u00bb4.25.1&Prime; _module_preset=\u00a0\u00bbdefault\u00a0\u00bb global_colors_info=\u00a0\u00bb{}\u00a0\u00bb][et_pb_gallery gallery_ids=\u00a0\u00bb29252,29253,29255,29251&Prime; show_title_and_caption=\u00a0\u00bboff\u00a0\u00bb show_pagination=\u00a0\u00bboff\u00a0\u00bb _builder_version=\u00a0\u00bb4.25.1&Prime; _module_preset=\u00a0\u00bbdefault\u00a0\u00bb global_colors_info=\u00a0\u00bb{}\u00a0\u00bb][\/et_pb_gallery][et_pb_gallery gallery_ids=\u00a0\u00bb29256,29257,29258,29250&Prime; show_title_and_caption=\u00a0\u00bboff\u00a0\u00bb show_pagination=\u00a0\u00bboff\u00a0\u00bb _builder_version=\u00a0\u00bb4.25.1&Prime; _module_preset=\u00a0\u00bbdefault\u00a0\u00bb global_colors_info=\u00a0\u00bb{}\u00a0\u00bb][\/et_pb_gallery][\/et_pb_column][\/et_pb_row][et_pb_row _builder_version=\u00a0\u00bb4.25.1&Prime; _module_preset=\u00a0\u00bbdefault\u00a0\u00bb global_colors_info=\u00a0\u00bb{}\u00a0\u00bb][et_pb_column type=\u00a0\u00bb4_4&Prime; _builder_version=\u00a0\u00bb4.25.1&Prime; _module_preset=\u00a0\u00bbdefault\u00a0\u00bb global_colors_info=\u00a0\u00bb{}\u00a0\u00bb][et_pb_text _builder_version=\u00a0\u00bb4.25.1&Prime; _module_preset=\u00a0\u00bbdefault\u00a0\u00bb global_colors_info=\u00a0\u00bb{}\u00a0\u00bb]<\/p>\n<p>Explorez la beaut\u00e9 naturelle et le riche patrimoine culturel de la G\u00e9orgie avec nous. Profitez d&rsquo;un voyage inoubliable alliant aventure et d\u00e9couverte !<\/p>\n<p>[\/et_pb_text][\/et_pb_column][\/et_pb_row][\/et_pb_section][et_pb_section fb_built=\u00a0\u00bb1&Prime; _builder_version=\u00a0\u00bb4.25.1&Prime; _module_preset=\u00a0\u00bbdefault\u00a0\u00bb custom_margin=\u00a0\u00bb-55px|||||\u00a0\u00bb global_colors_info=\u00a0\u00bb{}\u00a0\u00bb][et_pb_row _builder_version=\u00a0\u00bb4.25.1&Prime; _module_preset=\u00a0\u00bbdefault\u00a0\u00bb global_colors_info=\u00a0\u00bb{}\u00a0\u00bb][et_pb_column type=\u00a0\u00bb4_4&Prime; _builder_version=\u00a0\u00bb4.25.1&Prime; _module_preset=\u00a0\u00bbdefault\u00a0\u00bb global_colors_info=\u00a0\u00bb{}\u00a0\u00bb][et_pb_button button_url=\u00a0\u00bbhttps:\/\/georgiansummitexpedition.com\/contact\/\u00a0\u00bb button_text=\u00a0\u00bbR\u00e9servez\u00a0\u00bb button_alignment=\u00a0\u00bbright\u00a0\u00bb _builder_version=\u00a0\u00bb4.25.1&Prime; _module_preset=\u00a0\u00bbdefault\u00a0\u00bb custom_button=\u00a0\u00bbon\u00a0\u00bb button_text_color=\u00a0\u00bb#000000&Prime; global_module=\u00a0\u00bb29578&Prime; saved_tabs=\u00a0\u00bball\u00a0\u00bb global_colors_info=\u00a0\u00bb{}\u00a0\u00bb][\/et_pb_button][\/et_pb_column][\/et_pb_row][\/et_pb_section]<\/p>\n","protected":false},"excerpt":{"rendered":"<p>7 Jours de Trekking sur les lacs de TobavarchkhiliTrekking en Samagrelo D\u00e9couvrez au cours de ce trekking, les paysages resplendissants de l\u2019ouest de la G\u00e9orgie. Dans une r\u00e9gion encore rest\u00e9e sauvage, entre lacs et montagnes, ce tour de difficult\u00e9 moyenne vous emm\u00e8nera dans les profondeurs oubli\u00e9es du parc national de Samagrelo. Des montagnes \u00e0 la [&hellip;]<\/p>\n","protected":false},"author":1,"featured_media":0,"parent":0,"menu_order":0,"comment_status":"closed","ping_status":"closed","template":"","meta":{"_et_pb_use_builder":"on","_et_pb_old_content":"","_et_gb_content_width":"","footnotes":""},"class_list":["post-29247","page","type-page","status-publish","hentry"],"_links":{"self":[{"href":"https:\/\/georgiansummitexpedition.com\/en\/wp-json\/wp\/v2\/pages\/29247","targetHints":{"allow":["GET"]}}],"collection":[{"href":"https:\/\/georgiansummitexpedition.com\/en\/wp-json\/wp\/v2\/pages"}],"about":[{"href":"https:\/\/georgiansummitexpedition.com\/en\/wp-json\/wp\/v2\/types\/page"}],"author":[{"embeddable":true,"href":"https:\/\/georgiansummitexpedition.com\/en\/wp-json\/wp\/v2\/users\/1"}],"replies":[{"embeddable":true,"href":"https:\/\/georgiansummitexpedition.com\/en\/wp-json\/wp\/v2\/comments?post=29247"}],"version-history":[{"count":5,"href":"https:\/\/georgiansummitexpedition.com\/en\/wp-json\/wp\/v2\/pages\/29247\/revisions"}],"predecessor-version":[{"id":29644,"href":"https:\/\/georgiansummitexpedition.com\/en\/wp-json\/wp\/v2\/pages\/29247\/revisions\/29644"}],"wp:attachment":[{"href":"https:\/\/georgiansummitexpedition.com\/en\/wp-json\/wp\/v2\/media?parent=29247"}],"curies":[{"name":"wp","href":"https:\/\/api.w.org\/{rel}","templated":true}]}}