{"id":29283,"date":"2024-05-26T09:51:52","date_gmt":"2024-05-26T07:51:52","guid":{"rendered":"http:\/\/www.georgiansummitexpedition.com\/?page_id=29283"},"modified":"2026-03-17T11:07:38","modified_gmt":"2026-03-17T10:07:38","slug":"alpinisme-kazbegi","status":"publish","type":"page","link":"https:\/\/georgiansummitexpedition.com\/en\/alpinisme-kazbegi\/","title":{"rendered":"Alpinisme &#8211; Kazbegi"},"content":{"rendered":"<p>[et_pb_section fb_built=\u00a0\u00bb1&Prime; admin_label=\u00a0\u00bbHero Section\u00a0\u00bb module_id=\u00a0\u00bbalpinisme-kazbegi\u00a0\u00bb _builder_version=\u00a0\u00bb4.25.1&Prime; background_color=\u00a0\u00bb#000000&Prime; background_image=\u00a0\u00bbhttp:\/\/www.georgiansummitexpedition.com\/wp-content\/uploads\/2024\/05\/IMG_0452.heic\u00a0\u00bb background_enable_video_mp4=\u00a0\u00bboff\u00a0\u00bb background_enable_video_webm=\u00a0\u00bboff\u00a0\u00bb custom_padding=\u00a0\u00bb100px|0px|235px|0px||\u00a0\u00bb animation_style=\u00a0\u00bbslide\u00a0\u00bb animation_direction=\u00a0\u00bbtop\u00a0\u00bb animation_intensity_slide=\u00a0\u00bb2%\u00a0\u00bb animation_starting_opacity=\u00a0\u00bb100%\u00a0\u00bb global_colors_info=\u00a0\u00bb{}\u00a0\u00bb][et_pb_row column_structure=\u00a0\u00bb1_2,1_2&Prime; _builder_version=\u00a0\u00bb4.16&Prime; max_width=\u00a0\u00bb1440px\u00a0\u00bb use_custom_width=\u00a0\u00bbon\u00a0\u00bb custom_width_px=\u00a0\u00bb1440px\u00a0\u00bb global_colors_info=\u00a0\u00bb{}\u00a0\u00bb][et_pb_column type=\u00a0\u00bb1_2&Prime; _builder_version=\u00a0\u00bb4.16&Prime; custom_padding=\u00a0\u00bb|||\u00a0\u00bb global_colors_info=\u00a0\u00bb{}\u00a0\u00bb custom_padding__hover=\u00a0\u00bb|||\u00a0\u00bb][\/et_pb_column][et_pb_column type=\u00a0\u00bb1_2&Prime; _builder_version=\u00a0\u00bb4.16&Prime; custom_padding=\u00a0\u00bb40px|||\u00a0\u00bb global_colors_info=\u00a0\u00bb{}\u00a0\u00bb custom_padding__hover=\u00a0\u00bb|||\u00a0\u00bb][et_pb_text _builder_version=\u00a0\u00bb4.25.1&Prime; text_font=\u00a0\u00bb||||||||\u00a0\u00bb header_font=\u00a0\u00bbPlayfair Display|700|||||||\u00a0\u00bb header_text_color=\u00a0\u00bb#ffffff\u00a0\u00bb header_font_size=\u00a0\u00bb60px\u00a0\u00bb header_line_height=\u00a0\u00bb1.5em\u00a0\u00bb header_2_font=\u00a0\u00bb||||||||\u00a0\u00bb header_3_font=\u00a0\u00bb||||||||\u00a0\u00bb header_4_font=\u00a0\u00bb||||||||\u00a0\u00bb header_5_font=\u00a0\u00bb||||||||\u00a0\u00bb header_6_font=\u00a0\u00bb||||||||\u00a0\u00bb background_color=\u00a0\u00bbrgba(0,0,0,0.13)\u00a0\u00bb custom_margin=\u00a0\u00bb||20px|\u00a0\u00bb locked=\u00a0\u00bboff\u00a0\u00bb global_colors_info=\u00a0\u00bb{}\u00a0\u00bb]<\/p>\n<h1>Ascension du Mont Kazbegi<\/h1>\n<p>[\/et_pb_text][et_pb_divider color=\u00a0\u00bb#f7d584&Prime; divider_weight=\u00a0\u00bb3px\u00a0\u00bb disabled_on=\u00a0\u00bbon|on|off\u00a0\u00bb _builder_version=\u00a0\u00bb4.16&Prime; max_width=\u00a0\u00bb80px\u00a0\u00bb module_alignment=\u00a0\u00bbleft\u00a0\u00bb height=\u00a0\u00bb10px\u00a0\u00bb custom_margin=\u00a0\u00bb||20px|\u00a0\u00bb animation_style=\u00a0\u00bbslide\u00a0\u00bb animation_direction=\u00a0\u00bbbottom\u00a0\u00bb saved_tabs=\u00a0\u00bball\u00a0\u00bb locked=\u00a0\u00bboff\u00a0\u00bb global_colors_info=\u00a0\u00bb{}\u00a0\u00bb][\/et_pb_divider][et_pb_text _builder_version=\u00a0\u00bb4.16&Prime; text_font=\u00a0\u00bbPoppins||||||||\u00a0\u00bb text_text_color=\u00a0\u00bbrgba(255,255,255,0.8)\u00a0\u00bb text_font_size=\u00a0\u00bb18px\u00a0\u00bb text_line_height=\u00a0\u00bb1.8em\u00a0\u00bb header_font=\u00a0\u00bb||||||||\u00a0\u00bb custom_margin=\u00a0\u00bb||-4px|||\u00a0\u00bb locked=\u00a0\u00bboff\u00a0\u00bb global_colors_info=\u00a0\u00bb{}\u00a0\u00bb][\/et_pb_text][et_pb_button button_url=\u00a0\u00bb#Kazbegisuite\u00a0\u00bb button_text=\u00a0\u00bbD\u00e9couvrez\u00a0\u00bb _builder_version=\u00a0\u00bb4.25.1&Prime; custom_button=\u00a0\u00bbon\u00a0\u00bb button_text_size=\u00a0\u00bb14px\u00a0\u00bb button_text_color=\u00a0\u00bbrgba(0,0,0,0.7)\u00a0\u00bb button_bg_color=\u00a0\u00bb#f7d584&Prime; button_border_width=\u00a0\u00bb0px\u00a0\u00bb button_border_radius=\u00a0\u00bb0px\u00a0\u00bb button_letter_spacing=\u00a0\u00bb2px\u00a0\u00bb button_font=\u00a0\u00bbPoppins|600||on|||||\u00a0\u00bb button_use_icon=\u00a0\u00bboff\u00a0\u00bb custom_margin=\u00a0\u00bb20px|||\u00a0\u00bb custom_padding=\u00a0\u00bb12px|28px|12px|28px\u00a0\u00bb box_shadow_style=\u00a0\u00bbpreset1&Prime; box_shadow_vertical=\u00a0\u00bb10px\u00a0\u00bb box_shadow_blur=\u00a0\u00bb30px\u00a0\u00bb box_shadow_color=\u00a0\u00bbrgba(0,0,0,0.2)\u00a0\u00bb button_letter_spacing_hover=\u00a0\u00bb2px\u00a0\u00bb global_colors_info=\u00a0\u00bb{}\u00a0\u00bb button_text_size__hover_enabled=\u00a0\u00bboff\u00a0\u00bb button_one_text_size__hover_enabled=\u00a0\u00bboff\u00a0\u00bb button_two_text_size__hover_enabled=\u00a0\u00bboff\u00a0\u00bb button_text_color__hover_enabled=\u00a0\u00bboff\u00a0\u00bb button_one_text_color__hover_enabled=\u00a0\u00bboff\u00a0\u00bb button_two_text_color__hover_enabled=\u00a0\u00bboff\u00a0\u00bb button_border_width__hover_enabled=\u00a0\u00bboff\u00a0\u00bb button_one_border_width__hover_enabled=\u00a0\u00bboff\u00a0\u00bb button_two_border_width__hover_enabled=\u00a0\u00bboff\u00a0\u00bb button_border_color__hover_enabled=\u00a0\u00bboff\u00a0\u00bb button_one_border_color__hover_enabled=\u00a0\u00bboff\u00a0\u00bb button_two_border_color__hover_enabled=\u00a0\u00bboff\u00a0\u00bb button_border_radius__hover_enabled=\u00a0\u00bboff\u00a0\u00bb button_one_border_radius__hover_enabled=\u00a0\u00bboff\u00a0\u00bb button_two_border_radius__hover_enabled=\u00a0\u00bboff\u00a0\u00bb button_letter_spacing__hover_enabled=\u00a0\u00bbon\u00a0\u00bb button_letter_spacing__hover=\u00a0\u00bb2px\u00a0\u00bb button_one_letter_spacing__hover_enabled=\u00a0\u00bboff\u00a0\u00bb button_two_letter_spacing__hover_enabled=\u00a0\u00bboff\u00a0\u00bb button_bg_color__hover_enabled=\u00a0\u00bboff\u00a0\u00bb button_one_bg_color__hover_enabled=\u00a0\u00bboff\u00a0\u00bb button_two_bg_color__hover_enabled=\u00a0\u00bboff\u00a0\u00bb][\/et_pb_button][\/et_pb_column][\/et_pb_row][\/et_pb_section][et_pb_section fb_built=\u00a0\u00bb1&Prime; admin_label=\u00a0\u00bbAbout Us \u00a0\u00bb module_id=\u00a0\u00bbKazbegisuite\u00a0\u00bb _builder_version=\u00a0\u00bb4.25.1&Prime; min_height=\u00a0\u00bb534px\u00a0\u00bb custom_margin=\u00a0\u00bb-13px|||||\u00a0\u00bb custom_padding=\u00a0\u00bb3px|0px|60px|0px||\u00a0\u00bb global_colors_info=\u00a0\u00bb{}\u00a0\u00bb][et_pb_row make_equal=\u00a0\u00bbon\u00a0\u00bb _builder_version=\u00a0\u00bb4.25.1&Prime; _module_preset=\u00a0\u00bbdefault\u00a0\u00bb min_height=\u00a0\u00bb135px\u00a0\u00bb global_colors_info=\u00a0\u00bb{}\u00a0\u00bb][et_pb_column type=\u00a0\u00bb4_4&Prime; _builder_version=\u00a0\u00bb4.25.1&Prime; _module_preset=\u00a0\u00bbdefault\u00a0\u00bb global_colors_info=\u00a0\u00bb{}\u00a0\u00bb][et_pb_text _builder_version=\u00a0\u00bb4.25.1&Prime; _module_preset=\u00a0\u00bbdefault\u00a0\u00bb min_height=\u00a0\u00bb142px\u00a0\u00bb custom_padding=\u00a0\u00bb||2px|||\u00a0\u00bb global_colors_info=\u00a0\u00bb{}\u00a0\u00bb]<\/p>\n<p><span style=\"font-size: large;\"><em><strong>Le Mont Kazbegi\u00a0<\/strong><\/em><\/span><\/p>\n<div id=\"bgLayers_comp-kdhaylr5\" data-hook=\"bgLayers\" data-motion-part=\"BG_LAYER\" class=\"MW5IWV\">\n<div id=\"bgMedia_comp-kdhaylr5\" data-motion-part=\"BG_MEDIA\" class=\"VgO9Yg\"><span style=\"font-size: 14px;\">Grimpez sur l&rsquo;un des sommets les plus embl\u00e9matiques du Caucase &#8211; le Mont Kazbek (5054 m.) et profitez des vues imprenables qui s&rsquo;offrent \u00e0 vous. Bien que l&rsquo;ascension de ce stratovolcan endormi ne soit pas techniquement difficile, un bon niveau physique est absolument n\u00e9cessaire. Si vous \u00eates s\u00fbr de votre forme physique et de votre endurance, nos guides vous formeront aux techniques d&rsquo;alpinisme requises et aux comp\u00e9tences que vous aurez \u00e0 acqu\u00e9rir pendant l&rsquo;ascension<\/span><\/div>\n<\/div>\n<p>&nbsp;<\/p>\n<p>Voyagez et explorez avec nous cette terre de merveilles !<\/p>\n<p>[\/et_pb_text][\/et_pb_column][\/et_pb_row][et_pb_row column_structure=\u00a0\u00bb1_2,1_2&Prime; _builder_version=\u00a0\u00bb4.25.1&Prime; _module_preset=\u00a0\u00bbdefault\u00a0\u00bb custom_padding=\u00a0\u00bb0px||0px|||\u00a0\u00bb global_colors_info=\u00a0\u00bb{}\u00a0\u00bb][et_pb_column type=\u00a0\u00bb1_2&Prime; _builder_version=\u00a0\u00bb4.25.1&Prime; _module_preset=\u00a0\u00bbdefault\u00a0\u00bb global_colors_info=\u00a0\u00bb{}\u00a0\u00bb][et_pb_text _builder_version=\u00a0\u00bb4.25.1&Prime; _module_preset=\u00a0\u00bbdefault\u00a0\u00bb global_colors_info=\u00a0\u00bb{}\u00a0\u00bb]<\/p>\n<p><em><strong>Points forts :<\/strong><\/em><\/p>\n<ul>\n<li>Le Mont Kazbegi<\/li>\n<li>Gergeti Church<\/li>\n<\/ul>\n<p><em><strong>D\u00e9tails de la visite<\/strong> <\/em>:<\/p>\n<ul>\n<li><strong>Cat\u00e9gorie :<\/strong> Activit\u00e9s en plein air<\/li>\n<li><strong>P\u00e9riode :<\/strong> Juin &#8211; Octobre<\/li>\n<li><strong>Dur\u00e9e<\/strong> <strong>:<\/strong> 7 jours \/ 6 nuit\u00e9es<\/li>\n<li><strong>Longueur de l&rsquo;itin\u00e9raire :<\/strong> 37 km<\/li>\n<li><strong>D\u00e9nivel\u00e9 :<\/strong> +\/- 3265m<\/li>\n<li><strong>Taille du groupe :<\/strong> Selon la demande<\/li>\n<li><strong>Altitude<\/strong> : 5054m<\/li>\n<\/ul>\n<p><em><strong>Inclus :<\/strong><\/em><\/p>\n<ul>\n<li>Prise en charge et transfert \u00e0 l&rsquo;a\u00e9roport<\/li>\n<li>Transport par v\u00e9hicule confortable<\/li>\n<li>Transport des bagages par un cheval pendant toute la dur\u00e9e de la visite<br \/>Service de guide certifi\u00e9<\/li>\n<li>3 nuit\u00e9es en chambres doubles (2 nuits dans une maison d&rsquo;h\u00f4tes, 1 nuit au refuge Altihut)<\/li>\n<li>3 nuit\u00e9es sous tente \u00e0 la station Meteo<\/li>\n<li>3 repas inclus par jour pendant la dur\u00e9e du tour<\/li>\n<\/ul>\n<p><em><strong>Non Inclus :<\/strong><\/em><\/p>\n<ul>\n<li>Billets d&rsquo;avion<\/li>\n<li>Assurances de voyage, annulation et rapatriement<\/li>\n<li>Frais de visa<\/li>\n<li>Logement en chambre individuelle<\/li>\n<li>Boissons alcoolis\u00e9es<\/li>\n<li>Autres d\u00e9penses personnelles<\/li>\n<li>Pourboires<\/li>\n<\/ul>\n<p>&nbsp;<\/p>\n<p>[\/et_pb_text][\/et_pb_column][et_pb_column type=\u00a0\u00bb1_2&Prime; _builder_version=\u00a0\u00bb4.25.1&Prime; _module_preset=\u00a0\u00bbdefault\u00a0\u00bb global_colors_info=\u00a0\u00bb{}\u00a0\u00bb][et_pb_gallery gallery_ids=\u00a0\u00bb29146,29143,29163,29156&Prime; show_title_and_caption=\u00a0\u00bboff\u00a0\u00bb show_pagination=\u00a0\u00bboff\u00a0\u00bb _builder_version=\u00a0\u00bb4.25.1&Prime; _module_preset=\u00a0\u00bbdefault\u00a0\u00bb global_colors_info=\u00a0\u00bb{}\u00a0\u00bb][\/et_pb_gallery][et_pb_gallery gallery_ids=\u00a0\u00bb29153,29142,29144,29168&Prime; show_title_and_caption=\u00a0\u00bboff\u00a0\u00bb show_pagination=\u00a0\u00bboff\u00a0\u00bb _builder_version=\u00a0\u00bb4.25.1&Prime; _module_preset=\u00a0\u00bbdefault\u00a0\u00bb global_colors_info=\u00a0\u00bb{}\u00a0\u00bb][\/et_pb_gallery][\/et_pb_column][\/et_pb_row][et_pb_row _builder_version=\u00a0\u00bb4.25.1&Prime; _module_preset=\u00a0\u00bbdefault\u00a0\u00bb custom_padding=\u00a0\u00bb47px|||||\u00a0\u00bb global_colors_info=\u00a0\u00bb{}\u00a0\u00bb][et_pb_column type=\u00a0\u00bb4_4&Prime; _builder_version=\u00a0\u00bb4.25.1&Prime; _module_preset=\u00a0\u00bbdefault\u00a0\u00bb global_colors_info=\u00a0\u00bb{}\u00a0\u00bb][et_pb_text _builder_version=\u00a0\u00bb4.25.1&Prime; _module_preset=\u00a0\u00bbdefault\u00a0\u00bb global_colors_info=\u00a0\u00bb{}\u00a0\u00bb]<\/p>\n<p>Explorez la beaut\u00e9 naturelle et le riche patrimoine culturel de la G\u00e9orgie avec nous. Profitez d&rsquo;un voyage inoubliable alliant aventure et d\u00e9couverte !<\/p>\n<p>[\/et_pb_text][\/et_pb_column][\/et_pb_row][\/et_pb_section][et_pb_section fb_built=\u00a0\u00bb1&Prime; _builder_version=\u00a0\u00bb4.25.1&Prime; _module_preset=\u00a0\u00bbdefault\u00a0\u00bb global_colors_info=\u00a0\u00bb{}\u00a0\u00bb][et_pb_row _builder_version=\u00a0\u00bb4.25.1&Prime; _module_preset=\u00a0\u00bbdefault\u00a0\u00bb global_colors_info=\u00a0\u00bb{}\u00a0\u00bb][et_pb_column type=\u00a0\u00bb4_4&Prime; _builder_version=\u00a0\u00bb4.25.1&Prime; _module_preset=\u00a0\u00bbdefault\u00a0\u00bb global_colors_info=\u00a0\u00bb{}\u00a0\u00bb][et_pb_button button_url=\u00a0\u00bbhttps:\/\/georgiansummitexpedition.com\/contact\/\u00a0\u00bb button_text=\u00a0\u00bbR\u00e9servez\u00a0\u00bb button_alignment=\u00a0\u00bbright\u00a0\u00bb _builder_version=\u00a0\u00bb4.25.1&Prime; _module_preset=\u00a0\u00bbdefault\u00a0\u00bb custom_button=\u00a0\u00bbon\u00a0\u00bb button_text_color=\u00a0\u00bb#000000&Prime; global_module=\u00a0\u00bb29578&Prime; saved_tabs=\u00a0\u00bball\u00a0\u00bb global_colors_info=\u00a0\u00bb{}\u00a0\u00bb][\/et_pb_button][\/et_pb_column][\/et_pb_row][\/et_pb_section]<\/p>\n","protected":false},"excerpt":{"rendered":"<p>Ascension du Mont KazbegiLe Mont Kazbegi\u00a0 Grimpez sur l&rsquo;un des sommets les plus embl\u00e9matiques du Caucase &#8211; le Mont Kazbek (5054 m.) et profitez des vues imprenables qui s&rsquo;offrent \u00e0 vous. Bien que l&rsquo;ascension de ce stratovolcan endormi ne soit pas techniquement difficile, un bon niveau physique est absolument n\u00e9cessaire. Si vous \u00eates s\u00fbr de [&hellip;]<\/p>\n","protected":false},"author":1,"featured_media":0,"parent":0,"menu_order":0,"comment_status":"closed","ping_status":"closed","template":"","meta":{"_et_pb_use_builder":"on","_et_pb_old_content":"","_et_gb_content_width":"","footnotes":""},"class_list":["post-29283","page","type-page","status-publish","hentry"],"_links":{"self":[{"href":"https:\/\/georgiansummitexpedition.com\/en\/wp-json\/wp\/v2\/pages\/29283","targetHints":{"allow":["GET"]}}],"collection":[{"href":"https:\/\/georgiansummitexpedition.com\/en\/wp-json\/wp\/v2\/pages"}],"about":[{"href":"https:\/\/georgiansummitexpedition.com\/en\/wp-json\/wp\/v2\/types\/page"}],"author":[{"embeddable":true,"href":"https:\/\/georgiansummitexpedition.com\/en\/wp-json\/wp\/v2\/users\/1"}],"replies":[{"embeddable":true,"href":"https:\/\/georgiansummitexpedition.com\/en\/wp-json\/wp\/v2\/comments?post=29283"}],"version-history":[{"count":9,"href":"https:\/\/georgiansummitexpedition.com\/en\/wp-json\/wp\/v2\/pages\/29283\/revisions"}],"predecessor-version":[{"id":29636,"href":"https:\/\/georgiansummitexpedition.com\/en\/wp-json\/wp\/v2\/pages\/29283\/revisions\/29636"}],"wp:attachment":[{"href":"https:\/\/georgiansummitexpedition.com\/en\/wp-json\/wp\/v2\/media?parent=29283"}],"curies":[{"name":"wp","href":"https:\/\/api.w.org\/{rel}","templated":true}]}}